{"id":43,"date":"2017-11-07T12:03:13","date_gmt":"2017-11-07T12:03:13","guid":{"rendered":"http:\/\/no-name-a-capella.xyz\/?page_id=43"},"modified":"2017-11-16T12:23:45","modified_gmt":"2017-11-16T11:23:45","slug":"pferdefutter","status":"publish","type":"page","link":"https:\/\/kiebitzmarkt-bergen.de\/home\/sortiment\/pferdefutter\/","title":{"rendered":"Pferdefutter"},"content":{"rendered":"<p style=\"text-align: center;\">Die Ern\u00e4hrung hat Einfluss auf das Wohlbefinden und auf die Gesundheit Ihres Pferdes, deshalb ist es wichtig auf eine ausgewogene Ration zu achten.<\/p>\n<p style=\"text-align: center;\">Unsere Larossa Pferdefutter erg\u00e4nzen optimal die t\u00e4gliche Ration aus Getreide und Raufutter.<\/p>\n<p style=\"text-align: center;\">Stellen Sie Ihrem Pferd zus\u00e4tzlich frisches Wasser, einen Salzleckstein und Mineralfutter zur Verf\u00fcgung.<\/p>\n","protected":false},"excerpt":{"rendered":"<p>Die Ern\u00e4hrung hat Einfluss auf das Wohlbefinden und auf die Gesundheit Ihres Pferdes, deshalb ist es wichtig auf eine ausgewogene Ration zu achten. Unsere Larossa Pferdefutter erg\u00e4nzen optimal die t\u00e4gliche Ration aus Getreide und Raufutter. Stellen Sie Ihrem Pferd zus\u00e4tzlich frisches Wasser, einen Salzleckstein und Mineralfutter zur Verf\u00fcgung.<\/p>\n","protected":false},"author":1,"featured_media":544,"parent":23,"menu_order":7,"comment_status":"closed","ping_status":"closed","template":"category-page.php","meta":{"_acf_changed":false,"footnotes":""},"class_list":["post-43","page","type-page","status-publish","has-post-thumbnail","hentry"],"acf":[],"yoast_head":"<!-- This site is optimized with the Yoast SEO plugin v27.3 - https:\/\/yoast.com\/product\/yoast-seo-wordpress\/ -->\n<title>Pferdefutter - Kiebitzmarkt-Bergen<\/title>\n<meta name=\"robots\" content=\"index, follow, max-snippet:-1, max-image-preview:large, max-video-preview:-1\" \/>\n<link rel=\"canonical\" href=\"https:\/\/kiebitzmarkt-bergen.de\/home\/sortiment\/pferdefutter\/\" \/>\n<meta property=\"og:locale\" content=\"de_DE\" \/>\n<meta property=\"og:type\" content=\"article\" \/>\n<meta property=\"og:title\" content=\"Pferdefutter - Kiebitzmarkt-Bergen\" \/>\n<meta property=\"og:description\" content=\"Die Ern\u00e4hrung hat Einfluss auf das Wohlbefinden und auf die Gesundheit Ihres Pferdes, deshalb ist es wichtig auf eine ausgewogene Ration zu achten. Unsere Larossa Pferdefutter erg\u00e4nzen optimal die t\u00e4gliche Ration aus Getreide und Raufutter. Stellen Sie Ihrem Pferd zus\u00e4tzlich frisches Wasser, einen Salzleckstein und Mineralfutter zur Verf\u00fcgung.\" \/>\n<meta property=\"og:url\" content=\"https:\/\/kiebitzmarkt-bergen.de\/home\/sortiment\/pferdefutter\/\" \/>\n<meta property=\"og:site_name\" content=\"Kiebitzmarkt-Bergen\" \/>\n<meta property=\"article:publisher\" content=\"https:\/\/www.facebook.com\/kiebitzmarkt.bergen\" \/>\n<meta property=\"article:modified_time\" content=\"2017-11-16T11:23:45+00:00\" \/>\n<meta property=\"og:image\" content=\"https:\/\/kiebitzmarkt-bergen.de\/home\/wp-content\/uploads\/2017\/11\/pferdefutter.jpg\" \/>\n\t<meta property=\"og:image:width\" content=\"269\" \/>\n\t<meta property=\"og:image:height\" content=\"179\" \/>\n\t<meta property=\"og:image:type\" content=\"image\/jpeg\" \/>\n<meta name=\"twitter:card\" content=\"summary_large_image\" \/>\n<script type=\"application\/ld+json\" class=\"yoast-schema-graph\">{\"@context\":\"https:\\\/\\\/schema.org\",\"@graph\":[{\"@type\":\"WebPage\",\"@id\":\"https:\\\/\\\/kiebitzmarkt-bergen.de\\\/home\\\/sortiment\\\/pferdefutter\\\/\",\"url\":\"https:\\\/\\\/kiebitzmarkt-bergen.de\\\/home\\\/sortiment\\\/pferdefutter\\\/\",\"name\":\"Pferdefutter - Kiebitzmarkt-Bergen\",\"isPartOf\":{\"@id\":\"https:\\\/\\\/kiebitzmarkt-bergen.de\\\/home\\\/#website\"},\"primaryImageOfPage\":{\"@id\":\"https:\\\/\\\/kiebitzmarkt-bergen.de\\\/home\\\/sortiment\\\/pferdefutter\\\/#primaryimage\"},\"image\":{\"@id\":\"https:\\\/\\\/kiebitzmarkt-bergen.de\\\/home\\\/sortiment\\\/pferdefutter\\\/#primaryimage\"},\"thumbnailUrl\":\"https:\\\/\\\/kiebitzmarkt-bergen.de\\\/home\\\/wp-content\\\/uploads\\\/2017\\\/11\\\/pferdefutter.jpg\",\"datePublished\":\"2017-11-07T12:03:13+00:00\",\"dateModified\":\"2017-11-16T11:23:45+00:00\",\"breadcrumb\":{\"@id\":\"https:\\\/\\\/kiebitzmarkt-bergen.de\\\/home\\\/sortiment\\\/pferdefutter\\\/#breadcrumb\"},\"inLanguage\":\"de\",\"potentialAction\":[{\"@type\":\"ReadAction\",\"target\":[\"https:\\\/\\\/kiebitzmarkt-bergen.de\\\/home\\\/sortiment\\\/pferdefutter\\\/\"]}]},{\"@type\":\"ImageObject\",\"inLanguage\":\"de\",\"@id\":\"https:\\\/\\\/kiebitzmarkt-bergen.de\\\/home\\\/sortiment\\\/pferdefutter\\\/#primaryimage\",\"url\":\"https:\\\/\\\/kiebitzmarkt-bergen.de\\\/home\\\/wp-content\\\/uploads\\\/2017\\\/11\\\/pferdefutter.jpg\",\"contentUrl\":\"https:\\\/\\\/kiebitzmarkt-bergen.de\\\/home\\\/wp-content\\\/uploads\\\/2017\\\/11\\\/pferdefutter.jpg\",\"width\":269,\"height\":179},{\"@type\":\"BreadcrumbList\",\"@id\":\"https:\\\/\\\/kiebitzmarkt-bergen.de\\\/home\\\/sortiment\\\/pferdefutter\\\/#breadcrumb\",\"itemListElement\":[{\"@type\":\"ListItem\",\"position\":1,\"name\":\"Startseite\",\"item\":\"https:\\\/\\\/kiebitzmarkt-bergen.de\\\/home\\\/\"},{\"@type\":\"ListItem\",\"position\":2,\"name\":\"Sortiment\",\"item\":\"https:\\\/\\\/kiebitzmarkt-bergen.de\\\/home\\\/sortiment\\\/\"},{\"@type\":\"ListItem\",\"position\":3,\"name\":\"Pferdefutter\"}]},{\"@type\":\"WebSite\",\"@id\":\"https:\\\/\\\/kiebitzmarkt-bergen.de\\\/home\\\/#website\",\"url\":\"https:\\\/\\\/kiebitzmarkt-bergen.de\\\/home\\\/\",\"name\":\"Kiebitzmarkt-Bergen\",\"description\":\"Der Fachmarkt f\u00fcr Haus, Tier und Garten\",\"publisher\":{\"@id\":\"https:\\\/\\\/kiebitzmarkt-bergen.de\\\/home\\\/#organization\"},\"potentialAction\":[{\"@type\":\"SearchAction\",\"target\":{\"@type\":\"EntryPoint\",\"urlTemplate\":\"https:\\\/\\\/kiebitzmarkt-bergen.de\\\/home\\\/?s={search_term_string}\"},\"query-input\":{\"@type\":\"PropertyValueSpecification\",\"valueRequired\":true,\"valueName\":\"search_term_string\"}}],\"inLanguage\":\"de\"},{\"@type\":\"Organization\",\"@id\":\"https:\\\/\\\/kiebitzmarkt-bergen.de\\\/home\\\/#organization\",\"name\":\"Kiebitzmarkt Bergen\",\"url\":\"https:\\\/\\\/kiebitzmarkt-bergen.de\\\/home\\\/\",\"logo\":{\"@type\":\"ImageObject\",\"inLanguage\":\"de\",\"@id\":\"https:\\\/\\\/kiebitzmarkt-bergen.de\\\/home\\\/#\\\/schema\\\/logo\\\/image\\\/\",\"url\":\"https:\\\/\\\/kiebitzmarkt-bergen.de\\\/home\\\/wp-content\\\/uploads\\\/2017\\\/11\\\/kiebitzmarkt_bergen_logo2.gif\",\"contentUrl\":\"https:\\\/\\\/kiebitzmarkt-bergen.de\\\/home\\\/wp-content\\\/uploads\\\/2017\\\/11\\\/kiebitzmarkt_bergen_logo2.gif\",\"width\":400,\"height\":71,\"caption\":\"Kiebitzmarkt Bergen\"},\"image\":{\"@id\":\"https:\\\/\\\/kiebitzmarkt-bergen.de\\\/home\\\/#\\\/schema\\\/logo\\\/image\\\/\"},\"sameAs\":[\"https:\\\/\\\/www.facebook.com\\\/kiebitzmarkt.bergen\"]}]}<\/script>\n<!-- \/ Yoast SEO plugin. -->","yoast_head_json":{"title":"Pferdefutter - Kiebitzmarkt-Bergen","robots":{"index":"index","follow":"follow","max-snippet":"max-snippet:-1","max-image-preview":"max-image-preview:large","max-video-preview":"max-video-preview:-1"},"canonical":"https:\/\/kiebitzmarkt-bergen.de\/home\/sortiment\/pferdefutter\/","og_locale":"de_DE","og_type":"article","og_title":"Pferdefutter - Kiebitzmarkt-Bergen","og_description":"Die Ern\u00e4hrung hat Einfluss auf das Wohlbefinden und auf die Gesundheit Ihres Pferdes, deshalb ist es wichtig auf eine ausgewogene Ration zu achten. Unsere Larossa Pferdefutter erg\u00e4nzen optimal die t\u00e4gliche Ration aus Getreide und Raufutter. Stellen Sie Ihrem Pferd zus\u00e4tzlich frisches Wasser, einen Salzleckstein und Mineralfutter zur Verf\u00fcgung.","og_url":"https:\/\/kiebitzmarkt-bergen.de\/home\/sortiment\/pferdefutter\/","og_site_name":"Kiebitzmarkt-Bergen","article_publisher":"https:\/\/www.facebook.com\/kiebitzmarkt.bergen","article_modified_time":"2017-11-16T11:23:45+00:00","og_image":[{"width":269,"height":179,"url":"https:\/\/kiebitzmarkt-bergen.de\/home\/wp-content\/uploads\/2017\/11\/pferdefutter.jpg","type":"image\/jpeg"}],"twitter_card":"summary_large_image","schema":{"@context":"https:\/\/schema.org","@graph":[{"@type":"WebPage","@id":"https:\/\/kiebitzmarkt-bergen.de\/home\/sortiment\/pferdefutter\/","url":"https:\/\/kiebitzmarkt-bergen.de\/home\/sortiment\/pferdefutter\/","name":"Pferdefutter - Kiebitzmarkt-Bergen","isPartOf":{"@id":"https:\/\/kiebitzmarkt-bergen.de\/home\/#website"},"primaryImageOfPage":{"@id":"https:\/\/kiebitzmarkt-bergen.de\/home\/sortiment\/pferdefutter\/#primaryimage"},"image":{"@id":"https:\/\/kiebitzmarkt-bergen.de\/home\/sortiment\/pferdefutter\/#primaryimage"},"thumbnailUrl":"https:\/\/kiebitzmarkt-bergen.de\/home\/wp-content\/uploads\/2017\/11\/pferdefutter.jpg","datePublished":"2017-11-07T12:03:13+00:00","dateModified":"2017-11-16T11:23:45+00:00","breadcrumb":{"@id":"https:\/\/kiebitzmarkt-bergen.de\/home\/sortiment\/pferdefutter\/#breadcrumb"},"inLanguage":"de","potentialAction":[{"@type":"ReadAction","target":["https:\/\/kiebitzmarkt-bergen.de\/home\/sortiment\/pferdefutter\/"]}]},{"@type":"ImageObject","inLanguage":"de","@id":"https:\/\/kiebitzmarkt-bergen.de\/home\/sortiment\/pferdefutter\/#primaryimage","url":"https:\/\/kiebitzmarkt-bergen.de\/home\/wp-content\/uploads\/2017\/11\/pferdefutter.jpg","contentUrl":"https:\/\/kiebitzmarkt-bergen.de\/home\/wp-content\/uploads\/2017\/11\/pferdefutter.jpg","width":269,"height":179},{"@type":"BreadcrumbList","@id":"https:\/\/kiebitzmarkt-bergen.de\/home\/sortiment\/pferdefutter\/#breadcrumb","itemListElement":[{"@type":"ListItem","position":1,"name":"Startseite","item":"https:\/\/kiebitzmarkt-bergen.de\/home\/"},{"@type":"ListItem","position":2,"name":"Sortiment","item":"https:\/\/kiebitzmarkt-bergen.de\/home\/sortiment\/"},{"@type":"ListItem","position":3,"name":"Pferdefutter"}]},{"@type":"WebSite","@id":"https:\/\/kiebitzmarkt-bergen.de\/home\/#website","url":"https:\/\/kiebitzmarkt-bergen.de\/home\/","name":"Kiebitzmarkt-Bergen","description":"Der Fachmarkt f\u00fcr Haus, Tier und Garten","publisher":{"@id":"https:\/\/kiebitzmarkt-bergen.de\/home\/#organization"},"potentialAction":[{"@type":"SearchAction","target":{"@type":"EntryPoint","urlTemplate":"https:\/\/kiebitzmarkt-bergen.de\/home\/?s={search_term_string}"},"query-input":{"@type":"PropertyValueSpecification","valueRequired":true,"valueName":"search_term_string"}}],"inLanguage":"de"},{"@type":"Organization","@id":"https:\/\/kiebitzmarkt-bergen.de\/home\/#organization","name":"Kiebitzmarkt Bergen","url":"https:\/\/kiebitzmarkt-bergen.de\/home\/","logo":{"@type":"ImageObject","inLanguage":"de","@id":"https:\/\/kiebitzmarkt-bergen.de\/home\/#\/schema\/logo\/image\/","url":"https:\/\/kiebitzmarkt-bergen.de\/home\/wp-content\/uploads\/2017\/11\/kiebitzmarkt_bergen_logo2.gif","contentUrl":"https:\/\/kiebitzmarkt-bergen.de\/home\/wp-content\/uploads\/2017\/11\/kiebitzmarkt_bergen_logo2.gif","width":400,"height":71,"caption":"Kiebitzmarkt Bergen"},"image":{"@id":"https:\/\/kiebitzmarkt-bergen.de\/home\/#\/schema\/logo\/image\/"},"sameAs":["https:\/\/www.facebook.com\/kiebitzmarkt.bergen"]}]}},"_links":{"self":[{"href":"https:\/\/kiebitzmarkt-bergen.de\/home\/wp-json\/wp\/v2\/pages\/43","targetHints":{"allow":["GET"]}}],"collection":[{"href":"https:\/\/kiebitzmarkt-bergen.de\/home\/wp-json\/wp\/v2\/pages"}],"about":[{"href":"https:\/\/kiebitzmarkt-bergen.de\/home\/wp-json\/wp\/v2\/types\/page"}],"author":[{"embeddable":true,"href":"https:\/\/kiebitzmarkt-bergen.de\/home\/wp-json\/wp\/v2\/users\/1"}],"replies":[{"embeddable":true,"href":"https:\/\/kiebitzmarkt-bergen.de\/home\/wp-json\/wp\/v2\/comments?post=43"}],"version-history":[{"count":1,"href":"https:\/\/kiebitzmarkt-bergen.de\/home\/wp-json\/wp\/v2\/pages\/43\/revisions"}],"predecessor-version":[{"id":1280,"href":"https:\/\/kiebitzmarkt-bergen.de\/home\/wp-json\/wp\/v2\/pages\/43\/revisions\/1280"}],"up":[{"embeddable":true,"href":"https:\/\/kiebitzmarkt-bergen.de\/home\/wp-json\/wp\/v2\/pages\/23"}],"wp:featuredmedia":[{"embeddable":true,"href":"https:\/\/kiebitzmarkt-bergen.de\/home\/wp-json\/wp\/v2\/media\/544"}],"wp:attachment":[{"href":"https:\/\/kiebitzmarkt-bergen.de\/home\/wp-json\/wp\/v2\/media?parent=43"}],"curies":[{"name":"wp","href":"https:\/\/api.w.org\/{rel}","templated":true}]}}