{"id":37,"date":"2017-11-07T12:01:50","date_gmt":"2017-11-07T12:01:50","guid":{"rendered":"http:\/\/no-name-a-capella.xyz\/?page_id=37"},"modified":"2017-11-16T12:22:16","modified_gmt":"2017-11-16T11:22:16","slug":"katzenfutter","status":"publish","type":"page","link":"https:\/\/kiebitzmarkt-bergen.de\/home\/sortiment\/katzenfutter\/","title":{"rendered":"Katzenfutter"},"content":{"rendered":"<p style=\"text-align: center;\">Katzen Trockenfutter und leckere Snacks zum Verw\u00f6hnen Ihres geliebten Vierbeiners. Mit dem Katzenfutter von Kiebitzmarkt bekommt Ihre Samtpfote leckeres und ausgewogenes Trockenfutter sowie saftige Men\u00fcs mit Fleisch, Gefl\u00fcgel, Reis und Gem\u00fcse in Lebensmittel-Qualit\u00e4t.<\/p>\n<p style=\"text-align: center;\">Beim F\u00fcttern von Trockenfutter ist es besonders wichtig, dass Ihre Katze auch immer Zugang zu frischem Wasser hat um ihren Fl\u00fcssigkeitshaushalt wieder ausgleichen zu k\u00f6nnen.<\/p>\n<p style=\"text-align: center;\">W\u00e4hlen Sie aus unserer leckeren Vielfalt das passende Katzenfutter aus:<\/p>\n","protected":false},"excerpt":{"rendered":"<p>Katzen Trockenfutter und leckere Snacks zum Verw\u00f6hnen Ihres geliebten Vierbeiners. Mit dem Katzenfutter von Kiebitzmarkt bekommt Ihre Samtpfote leckeres und ausgewogenes Trockenfutter sowie saftige Men\u00fcs mit Fleisch, Gefl\u00fcgel, Reis und Gem\u00fcse in Lebensmittel-Qualit\u00e4t. Beim F\u00fcttern von Trockenfutter ist es besonders wichtig, dass Ihre Katze auch immer Zugang zu frischem Wasser hat um ihren Fl\u00fcssigkeitshaushalt wieder &hellip; <\/p>\n<p class=\"link-more\"><a href=\"https:\/\/kiebitzmarkt-bergen.de\/home\/sortiment\/katzenfutter\/\" class=\"more-link\">Continue reading<span class=\"screen-reader-text\"> &#8222;Katzenfutter&#8220;<\/span><\/a><\/p>\n","protected":false},"author":1,"featured_media":541,"parent":23,"menu_order":4,"comment_status":"closed","ping_status":"closed","template":"category-page.php","meta":{"_acf_changed":false,"footnotes":""},"class_list":["post-37","page","type-page","status-publish","has-post-thumbnail","hentry"],"acf":[],"yoast_head":"<!-- This site is optimized with the Yoast SEO plugin v27.3 - https:\/\/yoast.com\/product\/yoast-seo-wordpress\/ -->\n<title>Katzenfutter - Kiebitzmarkt-Bergen<\/title>\n<meta name=\"robots\" content=\"index, follow, max-snippet:-1, max-image-preview:large, max-video-preview:-1\" \/>\n<link rel=\"canonical\" href=\"https:\/\/kiebitzmarkt-bergen.de\/home\/sortiment\/katzenfutter\/\" \/>\n<meta property=\"og:locale\" content=\"de_DE\" \/>\n<meta property=\"og:type\" content=\"article\" \/>\n<meta property=\"og:title\" content=\"Katzenfutter - Kiebitzmarkt-Bergen\" \/>\n<meta property=\"og:description\" content=\"Katzen Trockenfutter und leckere Snacks zum Verw\u00f6hnen Ihres geliebten Vierbeiners. Mit dem Katzenfutter von Kiebitzmarkt bekommt Ihre Samtpfote leckeres und ausgewogenes Trockenfutter sowie saftige Men\u00fcs mit Fleisch, Gefl\u00fcgel, Reis und Gem\u00fcse in Lebensmittel-Qualit\u00e4t. Beim F\u00fcttern von Trockenfutter ist es besonders wichtig, dass Ihre Katze auch immer Zugang zu frischem Wasser hat um ihren Fl\u00fcssigkeitshaushalt wieder &hellip; Continue reading &quot;Katzenfutter&quot;\" \/>\n<meta property=\"og:url\" content=\"https:\/\/kiebitzmarkt-bergen.de\/home\/sortiment\/katzenfutter\/\" \/>\n<meta property=\"og:site_name\" content=\"Kiebitzmarkt-Bergen\" \/>\n<meta property=\"article:publisher\" content=\"https:\/\/www.facebook.com\/kiebitzmarkt.bergen\" \/>\n<meta property=\"article:modified_time\" content=\"2017-11-16T11:22:16+00:00\" \/>\n<meta property=\"og:image\" content=\"https:\/\/kiebitzmarkt-bergen.de\/home\/wp-content\/uploads\/2017\/11\/katzenfutter.jpg\" \/>\n\t<meta property=\"og:image:width\" content=\"269\" \/>\n\t<meta property=\"og:image:height\" content=\"179\" \/>\n\t<meta property=\"og:image:type\" content=\"image\/jpeg\" \/>\n<meta name=\"twitter:card\" content=\"summary_large_image\" \/>\n<script type=\"application\/ld+json\" class=\"yoast-schema-graph\">{\"@context\":\"https:\\\/\\\/schema.org\",\"@graph\":[{\"@type\":\"WebPage\",\"@id\":\"https:\\\/\\\/kiebitzmarkt-bergen.de\\\/home\\\/sortiment\\\/katzenfutter\\\/\",\"url\":\"https:\\\/\\\/kiebitzmarkt-bergen.de\\\/home\\\/sortiment\\\/katzenfutter\\\/\",\"name\":\"Katzenfutter - Kiebitzmarkt-Bergen\",\"isPartOf\":{\"@id\":\"https:\\\/\\\/kiebitzmarkt-bergen.de\\\/home\\\/#website\"},\"primaryImageOfPage\":{\"@id\":\"https:\\\/\\\/kiebitzmarkt-bergen.de\\\/home\\\/sortiment\\\/katzenfutter\\\/#primaryimage\"},\"image\":{\"@id\":\"https:\\\/\\\/kiebitzmarkt-bergen.de\\\/home\\\/sortiment\\\/katzenfutter\\\/#primaryimage\"},\"thumbnailUrl\":\"https:\\\/\\\/kiebitzmarkt-bergen.de\\\/home\\\/wp-content\\\/uploads\\\/2017\\\/11\\\/katzenfutter.jpg\",\"datePublished\":\"2017-11-07T12:01:50+00:00\",\"dateModified\":\"2017-11-16T11:22:16+00:00\",\"breadcrumb\":{\"@id\":\"https:\\\/\\\/kiebitzmarkt-bergen.de\\\/home\\\/sortiment\\\/katzenfutter\\\/#breadcrumb\"},\"inLanguage\":\"de\",\"potentialAction\":[{\"@type\":\"ReadAction\",\"target\":[\"https:\\\/\\\/kiebitzmarkt-bergen.de\\\/home\\\/sortiment\\\/katzenfutter\\\/\"]}]},{\"@type\":\"ImageObject\",\"inLanguage\":\"de\",\"@id\":\"https:\\\/\\\/kiebitzmarkt-bergen.de\\\/home\\\/sortiment\\\/katzenfutter\\\/#primaryimage\",\"url\":\"https:\\\/\\\/kiebitzmarkt-bergen.de\\\/home\\\/wp-content\\\/uploads\\\/2017\\\/11\\\/katzenfutter.jpg\",\"contentUrl\":\"https:\\\/\\\/kiebitzmarkt-bergen.de\\\/home\\\/wp-content\\\/uploads\\\/2017\\\/11\\\/katzenfutter.jpg\",\"width\":269,\"height\":179},{\"@type\":\"BreadcrumbList\",\"@id\":\"https:\\\/\\\/kiebitzmarkt-bergen.de\\\/home\\\/sortiment\\\/katzenfutter\\\/#breadcrumb\",\"itemListElement\":[{\"@type\":\"ListItem\",\"position\":1,\"name\":\"Startseite\",\"item\":\"https:\\\/\\\/kiebitzmarkt-bergen.de\\\/home\\\/\"},{\"@type\":\"ListItem\",\"position\":2,\"name\":\"Sortiment\",\"item\":\"https:\\\/\\\/kiebitzmarkt-bergen.de\\\/home\\\/sortiment\\\/\"},{\"@type\":\"ListItem\",\"position\":3,\"name\":\"Katzenfutter\"}]},{\"@type\":\"WebSite\",\"@id\":\"https:\\\/\\\/kiebitzmarkt-bergen.de\\\/home\\\/#website\",\"url\":\"https:\\\/\\\/kiebitzmarkt-bergen.de\\\/home\\\/\",\"name\":\"Kiebitzmarkt-Bergen\",\"description\":\"Der Fachmarkt f\u00fcr Haus, Tier und Garten\",\"publisher\":{\"@id\":\"https:\\\/\\\/kiebitzmarkt-bergen.de\\\/home\\\/#organization\"},\"potentialAction\":[{\"@type\":\"SearchAction\",\"target\":{\"@type\":\"EntryPoint\",\"urlTemplate\":\"https:\\\/\\\/kiebitzmarkt-bergen.de\\\/home\\\/?s={search_term_string}\"},\"query-input\":{\"@type\":\"PropertyValueSpecification\",\"valueRequired\":true,\"valueName\":\"search_term_string\"}}],\"inLanguage\":\"de\"},{\"@type\":\"Organization\",\"@id\":\"https:\\\/\\\/kiebitzmarkt-bergen.de\\\/home\\\/#organization\",\"name\":\"Kiebitzmarkt Bergen\",\"url\":\"https:\\\/\\\/kiebitzmarkt-bergen.de\\\/home\\\/\",\"logo\":{\"@type\":\"ImageObject\",\"inLanguage\":\"de\",\"@id\":\"https:\\\/\\\/kiebitzmarkt-bergen.de\\\/home\\\/#\\\/schema\\\/logo\\\/image\\\/\",\"url\":\"https:\\\/\\\/kiebitzmarkt-bergen.de\\\/home\\\/wp-content\\\/uploads\\\/2017\\\/11\\\/kiebitzmarkt_bergen_logo2.gif\",\"contentUrl\":\"https:\\\/\\\/kiebitzmarkt-bergen.de\\\/home\\\/wp-content\\\/uploads\\\/2017\\\/11\\\/kiebitzmarkt_bergen_logo2.gif\",\"width\":400,\"height\":71,\"caption\":\"Kiebitzmarkt Bergen\"},\"image\":{\"@id\":\"https:\\\/\\\/kiebitzmarkt-bergen.de\\\/home\\\/#\\\/schema\\\/logo\\\/image\\\/\"},\"sameAs\":[\"https:\\\/\\\/www.facebook.com\\\/kiebitzmarkt.bergen\"]}]}<\/script>\n<!-- \/ Yoast SEO plugin. -->","yoast_head_json":{"title":"Katzenfutter - Kiebitzmarkt-Bergen","robots":{"index":"index","follow":"follow","max-snippet":"max-snippet:-1","max-image-preview":"max-image-preview:large","max-video-preview":"max-video-preview:-1"},"canonical":"https:\/\/kiebitzmarkt-bergen.de\/home\/sortiment\/katzenfutter\/","og_locale":"de_DE","og_type":"article","og_title":"Katzenfutter - Kiebitzmarkt-Bergen","og_description":"Katzen Trockenfutter und leckere Snacks zum Verw\u00f6hnen Ihres geliebten Vierbeiners. Mit dem Katzenfutter von Kiebitzmarkt bekommt Ihre Samtpfote leckeres und ausgewogenes Trockenfutter sowie saftige Men\u00fcs mit Fleisch, Gefl\u00fcgel, Reis und Gem\u00fcse in Lebensmittel-Qualit\u00e4t. Beim F\u00fcttern von Trockenfutter ist es besonders wichtig, dass Ihre Katze auch immer Zugang zu frischem Wasser hat um ihren Fl\u00fcssigkeitshaushalt wieder &hellip; Continue reading \"Katzenfutter\"","og_url":"https:\/\/kiebitzmarkt-bergen.de\/home\/sortiment\/katzenfutter\/","og_site_name":"Kiebitzmarkt-Bergen","article_publisher":"https:\/\/www.facebook.com\/kiebitzmarkt.bergen","article_modified_time":"2017-11-16T11:22:16+00:00","og_image":[{"width":269,"height":179,"url":"https:\/\/kiebitzmarkt-bergen.de\/home\/wp-content\/uploads\/2017\/11\/katzenfutter.jpg","type":"image\/jpeg"}],"twitter_card":"summary_large_image","schema":{"@context":"https:\/\/schema.org","@graph":[{"@type":"WebPage","@id":"https:\/\/kiebitzmarkt-bergen.de\/home\/sortiment\/katzenfutter\/","url":"https:\/\/kiebitzmarkt-bergen.de\/home\/sortiment\/katzenfutter\/","name":"Katzenfutter - Kiebitzmarkt-Bergen","isPartOf":{"@id":"https:\/\/kiebitzmarkt-bergen.de\/home\/#website"},"primaryImageOfPage":{"@id":"https:\/\/kiebitzmarkt-bergen.de\/home\/sortiment\/katzenfutter\/#primaryimage"},"image":{"@id":"https:\/\/kiebitzmarkt-bergen.de\/home\/sortiment\/katzenfutter\/#primaryimage"},"thumbnailUrl":"https:\/\/kiebitzmarkt-bergen.de\/home\/wp-content\/uploads\/2017\/11\/katzenfutter.jpg","datePublished":"2017-11-07T12:01:50+00:00","dateModified":"2017-11-16T11:22:16+00:00","breadcrumb":{"@id":"https:\/\/kiebitzmarkt-bergen.de\/home\/sortiment\/katzenfutter\/#breadcrumb"},"inLanguage":"de","potentialAction":[{"@type":"ReadAction","target":["https:\/\/kiebitzmarkt-bergen.de\/home\/sortiment\/katzenfutter\/"]}]},{"@type":"ImageObject","inLanguage":"de","@id":"https:\/\/kiebitzmarkt-bergen.de\/home\/sortiment\/katzenfutter\/#primaryimage","url":"https:\/\/kiebitzmarkt-bergen.de\/home\/wp-content\/uploads\/2017\/11\/katzenfutter.jpg","contentUrl":"https:\/\/kiebitzmarkt-bergen.de\/home\/wp-content\/uploads\/2017\/11\/katzenfutter.jpg","width":269,"height":179},{"@type":"BreadcrumbList","@id":"https:\/\/kiebitzmarkt-bergen.de\/home\/sortiment\/katzenfutter\/#breadcrumb","itemListElement":[{"@type":"ListItem","position":1,"name":"Startseite","item":"https:\/\/kiebitzmarkt-bergen.de\/home\/"},{"@type":"ListItem","position":2,"name":"Sortiment","item":"https:\/\/kiebitzmarkt-bergen.de\/home\/sortiment\/"},{"@type":"ListItem","position":3,"name":"Katzenfutter"}]},{"@type":"WebSite","@id":"https:\/\/kiebitzmarkt-bergen.de\/home\/#website","url":"https:\/\/kiebitzmarkt-bergen.de\/home\/","name":"Kiebitzmarkt-Bergen","description":"Der Fachmarkt f\u00fcr Haus, Tier und Garten","publisher":{"@id":"https:\/\/kiebitzmarkt-bergen.de\/home\/#organization"},"potentialAction":[{"@type":"SearchAction","target":{"@type":"EntryPoint","urlTemplate":"https:\/\/kiebitzmarkt-bergen.de\/home\/?s={search_term_string}"},"query-input":{"@type":"PropertyValueSpecification","valueRequired":true,"valueName":"search_term_string"}}],"inLanguage":"de"},{"@type":"Organization","@id":"https:\/\/kiebitzmarkt-bergen.de\/home\/#organization","name":"Kiebitzmarkt Bergen","url":"https:\/\/kiebitzmarkt-bergen.de\/home\/","logo":{"@type":"ImageObject","inLanguage":"de","@id":"https:\/\/kiebitzmarkt-bergen.de\/home\/#\/schema\/logo\/image\/","url":"https:\/\/kiebitzmarkt-bergen.de\/home\/wp-content\/uploads\/2017\/11\/kiebitzmarkt_bergen_logo2.gif","contentUrl":"https:\/\/kiebitzmarkt-bergen.de\/home\/wp-content\/uploads\/2017\/11\/kiebitzmarkt_bergen_logo2.gif","width":400,"height":71,"caption":"Kiebitzmarkt Bergen"},"image":{"@id":"https:\/\/kiebitzmarkt-bergen.de\/home\/#\/schema\/logo\/image\/"},"sameAs":["https:\/\/www.facebook.com\/kiebitzmarkt.bergen"]}]}},"_links":{"self":[{"href":"https:\/\/kiebitzmarkt-bergen.de\/home\/wp-json\/wp\/v2\/pages\/37","targetHints":{"allow":["GET"]}}],"collection":[{"href":"https:\/\/kiebitzmarkt-bergen.de\/home\/wp-json\/wp\/v2\/pages"}],"about":[{"href":"https:\/\/kiebitzmarkt-bergen.de\/home\/wp-json\/wp\/v2\/types\/page"}],"author":[{"embeddable":true,"href":"https:\/\/kiebitzmarkt-bergen.de\/home\/wp-json\/wp\/v2\/users\/1"}],"replies":[{"embeddable":true,"href":"https:\/\/kiebitzmarkt-bergen.de\/home\/wp-json\/wp\/v2\/comments?post=37"}],"version-history":[{"count":2,"href":"https:\/\/kiebitzmarkt-bergen.de\/home\/wp-json\/wp\/v2\/pages\/37\/revisions"}],"predecessor-version":[{"id":1720,"href":"https:\/\/kiebitzmarkt-bergen.de\/home\/wp-json\/wp\/v2\/pages\/37\/revisions\/1720"}],"up":[{"embeddable":true,"href":"https:\/\/kiebitzmarkt-bergen.de\/home\/wp-json\/wp\/v2\/pages\/23"}],"wp:featuredmedia":[{"embeddable":true,"href":"https:\/\/kiebitzmarkt-bergen.de\/home\/wp-json\/wp\/v2\/media\/541"}],"wp:attachment":[{"href":"https:\/\/kiebitzmarkt-bergen.de\/home\/wp-json\/wp\/v2\/media?parent=37"}],"curies":[{"name":"wp","href":"https:\/\/api.w.org\/{rel}","templated":true}]}}