{"id":33,"date":"2017-11-07T11:59:46","date_gmt":"2017-11-07T11:59:46","guid":{"rendered":"http:\/\/no-name-a-capella.xyz\/?page_id=33"},"modified":"2017-11-16T12:21:15","modified_gmt":"2017-11-16T11:21:15","slug":"hundekauartikel","status":"publish","type":"page","link":"https:\/\/kiebitzmarkt-bergen.de\/home\/sortiment\/hundekauartikel\/","title":{"rendered":"Hundekauartikel"},"content":{"rendered":"<p style=\"text-align: center;\">Mehr Biss mit unserer gro\u00dfen Auswahl an Hundekauartikeln und Erg\u00e4nzungsfuttermitteln f\u00fcr Hunde. Mit der richtigen Zahnpflege lassen sich Zahnbelag (Plaque), Zahnstein und Zahnfleischentz\u00fcndungen bei Hunden effektiv vorbeugen. Pflegen Sie die Z\u00e4hne Ihres Hundes fr\u00fchzeitig und beugen Sie so einen teurem Tierartzbesuch vor. Die Hundekauartikel von Kiebitzmarkt werden Sie bei der richtigen Zahnpflege unterst\u00fctzen. Die Z\u00e4hne werden gereinigt und die Kaumuskulatur gest\u00e4rkt.<\/p>\n<p style=\"text-align: center;\">W\u00e4hlen Sie aus unserem umfangreichen Sortiment die passenden Kauartikel f\u00fcr Ihren Hund aus:<\/p>\n","protected":false},"excerpt":{"rendered":"<p>Mehr Biss mit unserer gro\u00dfen Auswahl an Hundekauartikeln und Erg\u00e4nzungsfuttermitteln f\u00fcr Hunde. Mit der richtigen Zahnpflege lassen sich Zahnbelag (Plaque), Zahnstein und Zahnfleischentz\u00fcndungen bei Hunden effektiv vorbeugen. Pflegen Sie die Z\u00e4hne Ihres Hundes fr\u00fchzeitig und beugen Sie so einen teurem Tierartzbesuch vor. Die Hundekauartikel von Kiebitzmarkt werden Sie bei der richtigen Zahnpflege unterst\u00fctzen. Die Z\u00e4hne &hellip; <\/p>\n<p class=\"link-more\"><a href=\"https:\/\/kiebitzmarkt-bergen.de\/home\/sortiment\/hundekauartikel\/\" class=\"more-link\">Continue reading<span class=\"screen-reader-text\"> &#8222;Hundekauartikel&#8220;<\/span><\/a><\/p>\n","protected":false},"author":1,"featured_media":539,"parent":23,"menu_order":2,"comment_status":"closed","ping_status":"closed","template":"category-page.php","meta":{"_acf_changed":false,"footnotes":""},"class_list":["post-33","page","type-page","status-publish","has-post-thumbnail","hentry"],"acf":[],"yoast_head":"<!-- This site is optimized with the Yoast SEO plugin v27.3 - https:\/\/yoast.com\/product\/yoast-seo-wordpress\/ -->\n<title>Hundekauartikel - Kiebitzmarkt-Bergen<\/title>\n<meta name=\"robots\" content=\"index, follow, max-snippet:-1, max-image-preview:large, max-video-preview:-1\" \/>\n<link rel=\"canonical\" href=\"https:\/\/kiebitzmarkt-bergen.de\/home\/sortiment\/hundekauartikel\/\" \/>\n<meta property=\"og:locale\" content=\"de_DE\" \/>\n<meta property=\"og:type\" content=\"article\" \/>\n<meta property=\"og:title\" content=\"Hundekauartikel - Kiebitzmarkt-Bergen\" \/>\n<meta property=\"og:description\" content=\"Mehr Biss mit unserer gro\u00dfen Auswahl an Hundekauartikeln und Erg\u00e4nzungsfuttermitteln f\u00fcr Hunde. Mit der richtigen Zahnpflege lassen sich Zahnbelag (Plaque), Zahnstein und Zahnfleischentz\u00fcndungen bei Hunden effektiv vorbeugen. Pflegen Sie die Z\u00e4hne Ihres Hundes fr\u00fchzeitig und beugen Sie so einen teurem Tierartzbesuch vor. Die Hundekauartikel von Kiebitzmarkt werden Sie bei der richtigen Zahnpflege unterst\u00fctzen. Die Z\u00e4hne &hellip; Continue reading &quot;Hundekauartikel&quot;\" \/>\n<meta property=\"og:url\" content=\"https:\/\/kiebitzmarkt-bergen.de\/home\/sortiment\/hundekauartikel\/\" \/>\n<meta property=\"og:site_name\" content=\"Kiebitzmarkt-Bergen\" \/>\n<meta property=\"article:publisher\" content=\"https:\/\/www.facebook.com\/kiebitzmarkt.bergen\" \/>\n<meta property=\"article:modified_time\" content=\"2017-11-16T11:21:15+00:00\" \/>\n<meta property=\"og:image\" content=\"https:\/\/kiebitzmarkt-bergen.de\/home\/wp-content\/uploads\/2017\/11\/hundekauartikel.jpg\" \/>\n\t<meta property=\"og:image:width\" content=\"269\" \/>\n\t<meta property=\"og:image:height\" content=\"179\" \/>\n\t<meta property=\"og:image:type\" content=\"image\/jpeg\" \/>\n<meta name=\"twitter:card\" content=\"summary_large_image\" \/>\n<script type=\"application\/ld+json\" class=\"yoast-schema-graph\">{\"@context\":\"https:\\\/\\\/schema.org\",\"@graph\":[{\"@type\":\"WebPage\",\"@id\":\"https:\\\/\\\/kiebitzmarkt-bergen.de\\\/home\\\/sortiment\\\/hundekauartikel\\\/\",\"url\":\"https:\\\/\\\/kiebitzmarkt-bergen.de\\\/home\\\/sortiment\\\/hundekauartikel\\\/\",\"name\":\"Hundekauartikel - Kiebitzmarkt-Bergen\",\"isPartOf\":{\"@id\":\"https:\\\/\\\/kiebitzmarkt-bergen.de\\\/home\\\/#website\"},\"primaryImageOfPage\":{\"@id\":\"https:\\\/\\\/kiebitzmarkt-bergen.de\\\/home\\\/sortiment\\\/hundekauartikel\\\/#primaryimage\"},\"image\":{\"@id\":\"https:\\\/\\\/kiebitzmarkt-bergen.de\\\/home\\\/sortiment\\\/hundekauartikel\\\/#primaryimage\"},\"thumbnailUrl\":\"https:\\\/\\\/kiebitzmarkt-bergen.de\\\/home\\\/wp-content\\\/uploads\\\/2017\\\/11\\\/hundekauartikel.jpg\",\"datePublished\":\"2017-11-07T11:59:46+00:00\",\"dateModified\":\"2017-11-16T11:21:15+00:00\",\"breadcrumb\":{\"@id\":\"https:\\\/\\\/kiebitzmarkt-bergen.de\\\/home\\\/sortiment\\\/hundekauartikel\\\/#breadcrumb\"},\"inLanguage\":\"de\",\"potentialAction\":[{\"@type\":\"ReadAction\",\"target\":[\"https:\\\/\\\/kiebitzmarkt-bergen.de\\\/home\\\/sortiment\\\/hundekauartikel\\\/\"]}]},{\"@type\":\"ImageObject\",\"inLanguage\":\"de\",\"@id\":\"https:\\\/\\\/kiebitzmarkt-bergen.de\\\/home\\\/sortiment\\\/hundekauartikel\\\/#primaryimage\",\"url\":\"https:\\\/\\\/kiebitzmarkt-bergen.de\\\/home\\\/wp-content\\\/uploads\\\/2017\\\/11\\\/hundekauartikel.jpg\",\"contentUrl\":\"https:\\\/\\\/kiebitzmarkt-bergen.de\\\/home\\\/wp-content\\\/uploads\\\/2017\\\/11\\\/hundekauartikel.jpg\",\"width\":269,\"height\":179},{\"@type\":\"BreadcrumbList\",\"@id\":\"https:\\\/\\\/kiebitzmarkt-bergen.de\\\/home\\\/sortiment\\\/hundekauartikel\\\/#breadcrumb\",\"itemListElement\":[{\"@type\":\"ListItem\",\"position\":1,\"name\":\"Startseite\",\"item\":\"https:\\\/\\\/kiebitzmarkt-bergen.de\\\/home\\\/\"},{\"@type\":\"ListItem\",\"position\":2,\"name\":\"Sortiment\",\"item\":\"https:\\\/\\\/kiebitzmarkt-bergen.de\\\/home\\\/sortiment\\\/\"},{\"@type\":\"ListItem\",\"position\":3,\"name\":\"Hundekauartikel\"}]},{\"@type\":\"WebSite\",\"@id\":\"https:\\\/\\\/kiebitzmarkt-bergen.de\\\/home\\\/#website\",\"url\":\"https:\\\/\\\/kiebitzmarkt-bergen.de\\\/home\\\/\",\"name\":\"Kiebitzmarkt-Bergen\",\"description\":\"Der Fachmarkt f\u00fcr Haus, Tier und Garten\",\"publisher\":{\"@id\":\"https:\\\/\\\/kiebitzmarkt-bergen.de\\\/home\\\/#organization\"},\"potentialAction\":[{\"@type\":\"SearchAction\",\"target\":{\"@type\":\"EntryPoint\",\"urlTemplate\":\"https:\\\/\\\/kiebitzmarkt-bergen.de\\\/home\\\/?s={search_term_string}\"},\"query-input\":{\"@type\":\"PropertyValueSpecification\",\"valueRequired\":true,\"valueName\":\"search_term_string\"}}],\"inLanguage\":\"de\"},{\"@type\":\"Organization\",\"@id\":\"https:\\\/\\\/kiebitzmarkt-bergen.de\\\/home\\\/#organization\",\"name\":\"Kiebitzmarkt Bergen\",\"url\":\"https:\\\/\\\/kiebitzmarkt-bergen.de\\\/home\\\/\",\"logo\":{\"@type\":\"ImageObject\",\"inLanguage\":\"de\",\"@id\":\"https:\\\/\\\/kiebitzmarkt-bergen.de\\\/home\\\/#\\\/schema\\\/logo\\\/image\\\/\",\"url\":\"https:\\\/\\\/kiebitzmarkt-bergen.de\\\/home\\\/wp-content\\\/uploads\\\/2017\\\/11\\\/kiebitzmarkt_bergen_logo2.gif\",\"contentUrl\":\"https:\\\/\\\/kiebitzmarkt-bergen.de\\\/home\\\/wp-content\\\/uploads\\\/2017\\\/11\\\/kiebitzmarkt_bergen_logo2.gif\",\"width\":400,\"height\":71,\"caption\":\"Kiebitzmarkt Bergen\"},\"image\":{\"@id\":\"https:\\\/\\\/kiebitzmarkt-bergen.de\\\/home\\\/#\\\/schema\\\/logo\\\/image\\\/\"},\"sameAs\":[\"https:\\\/\\\/www.facebook.com\\\/kiebitzmarkt.bergen\"]}]}<\/script>\n<!-- \/ Yoast SEO plugin. -->","yoast_head_json":{"title":"Hundekauartikel - Kiebitzmarkt-Bergen","robots":{"index":"index","follow":"follow","max-snippet":"max-snippet:-1","max-image-preview":"max-image-preview:large","max-video-preview":"max-video-preview:-1"},"canonical":"https:\/\/kiebitzmarkt-bergen.de\/home\/sortiment\/hundekauartikel\/","og_locale":"de_DE","og_type":"article","og_title":"Hundekauartikel - Kiebitzmarkt-Bergen","og_description":"Mehr Biss mit unserer gro\u00dfen Auswahl an Hundekauartikeln und Erg\u00e4nzungsfuttermitteln f\u00fcr Hunde. Mit der richtigen Zahnpflege lassen sich Zahnbelag (Plaque), Zahnstein und Zahnfleischentz\u00fcndungen bei Hunden effektiv vorbeugen. Pflegen Sie die Z\u00e4hne Ihres Hundes fr\u00fchzeitig und beugen Sie so einen teurem Tierartzbesuch vor. Die Hundekauartikel von Kiebitzmarkt werden Sie bei der richtigen Zahnpflege unterst\u00fctzen. Die Z\u00e4hne &hellip; Continue reading \"Hundekauartikel\"","og_url":"https:\/\/kiebitzmarkt-bergen.de\/home\/sortiment\/hundekauartikel\/","og_site_name":"Kiebitzmarkt-Bergen","article_publisher":"https:\/\/www.facebook.com\/kiebitzmarkt.bergen","article_modified_time":"2017-11-16T11:21:15+00:00","og_image":[{"width":269,"height":179,"url":"https:\/\/kiebitzmarkt-bergen.de\/home\/wp-content\/uploads\/2017\/11\/hundekauartikel.jpg","type":"image\/jpeg"}],"twitter_card":"summary_large_image","schema":{"@context":"https:\/\/schema.org","@graph":[{"@type":"WebPage","@id":"https:\/\/kiebitzmarkt-bergen.de\/home\/sortiment\/hundekauartikel\/","url":"https:\/\/kiebitzmarkt-bergen.de\/home\/sortiment\/hundekauartikel\/","name":"Hundekauartikel - Kiebitzmarkt-Bergen","isPartOf":{"@id":"https:\/\/kiebitzmarkt-bergen.de\/home\/#website"},"primaryImageOfPage":{"@id":"https:\/\/kiebitzmarkt-bergen.de\/home\/sortiment\/hundekauartikel\/#primaryimage"},"image":{"@id":"https:\/\/kiebitzmarkt-bergen.de\/home\/sortiment\/hundekauartikel\/#primaryimage"},"thumbnailUrl":"https:\/\/kiebitzmarkt-bergen.de\/home\/wp-content\/uploads\/2017\/11\/hundekauartikel.jpg","datePublished":"2017-11-07T11:59:46+00:00","dateModified":"2017-11-16T11:21:15+00:00","breadcrumb":{"@id":"https:\/\/kiebitzmarkt-bergen.de\/home\/sortiment\/hundekauartikel\/#breadcrumb"},"inLanguage":"de","potentialAction":[{"@type":"ReadAction","target":["https:\/\/kiebitzmarkt-bergen.de\/home\/sortiment\/hundekauartikel\/"]}]},{"@type":"ImageObject","inLanguage":"de","@id":"https:\/\/kiebitzmarkt-bergen.de\/home\/sortiment\/hundekauartikel\/#primaryimage","url":"https:\/\/kiebitzmarkt-bergen.de\/home\/wp-content\/uploads\/2017\/11\/hundekauartikel.jpg","contentUrl":"https:\/\/kiebitzmarkt-bergen.de\/home\/wp-content\/uploads\/2017\/11\/hundekauartikel.jpg","width":269,"height":179},{"@type":"BreadcrumbList","@id":"https:\/\/kiebitzmarkt-bergen.de\/home\/sortiment\/hundekauartikel\/#breadcrumb","itemListElement":[{"@type":"ListItem","position":1,"name":"Startseite","item":"https:\/\/kiebitzmarkt-bergen.de\/home\/"},{"@type":"ListItem","position":2,"name":"Sortiment","item":"https:\/\/kiebitzmarkt-bergen.de\/home\/sortiment\/"},{"@type":"ListItem","position":3,"name":"Hundekauartikel"}]},{"@type":"WebSite","@id":"https:\/\/kiebitzmarkt-bergen.de\/home\/#website","url":"https:\/\/kiebitzmarkt-bergen.de\/home\/","name":"Kiebitzmarkt-Bergen","description":"Der Fachmarkt f\u00fcr Haus, Tier und Garten","publisher":{"@id":"https:\/\/kiebitzmarkt-bergen.de\/home\/#organization"},"potentialAction":[{"@type":"SearchAction","target":{"@type":"EntryPoint","urlTemplate":"https:\/\/kiebitzmarkt-bergen.de\/home\/?s={search_term_string}"},"query-input":{"@type":"PropertyValueSpecification","valueRequired":true,"valueName":"search_term_string"}}],"inLanguage":"de"},{"@type":"Organization","@id":"https:\/\/kiebitzmarkt-bergen.de\/home\/#organization","name":"Kiebitzmarkt Bergen","url":"https:\/\/kiebitzmarkt-bergen.de\/home\/","logo":{"@type":"ImageObject","inLanguage":"de","@id":"https:\/\/kiebitzmarkt-bergen.de\/home\/#\/schema\/logo\/image\/","url":"https:\/\/kiebitzmarkt-bergen.de\/home\/wp-content\/uploads\/2017\/11\/kiebitzmarkt_bergen_logo2.gif","contentUrl":"https:\/\/kiebitzmarkt-bergen.de\/home\/wp-content\/uploads\/2017\/11\/kiebitzmarkt_bergen_logo2.gif","width":400,"height":71,"caption":"Kiebitzmarkt Bergen"},"image":{"@id":"https:\/\/kiebitzmarkt-bergen.de\/home\/#\/schema\/logo\/image\/"},"sameAs":["https:\/\/www.facebook.com\/kiebitzmarkt.bergen"]}]}},"_links":{"self":[{"href":"https:\/\/kiebitzmarkt-bergen.de\/home\/wp-json\/wp\/v2\/pages\/33","targetHints":{"allow":["GET"]}}],"collection":[{"href":"https:\/\/kiebitzmarkt-bergen.de\/home\/wp-json\/wp\/v2\/pages"}],"about":[{"href":"https:\/\/kiebitzmarkt-bergen.de\/home\/wp-json\/wp\/v2\/types\/page"}],"author":[{"embeddable":true,"href":"https:\/\/kiebitzmarkt-bergen.de\/home\/wp-json\/wp\/v2\/users\/1"}],"replies":[{"embeddable":true,"href":"https:\/\/kiebitzmarkt-bergen.de\/home\/wp-json\/wp\/v2\/comments?post=33"}],"version-history":[{"count":1,"href":"https:\/\/kiebitzmarkt-bergen.de\/home\/wp-json\/wp\/v2\/pages\/33\/revisions"}],"predecessor-version":[{"id":1275,"href":"https:\/\/kiebitzmarkt-bergen.de\/home\/wp-json\/wp\/v2\/pages\/33\/revisions\/1275"}],"up":[{"embeddable":true,"href":"https:\/\/kiebitzmarkt-bergen.de\/home\/wp-json\/wp\/v2\/pages\/23"}],"wp:featuredmedia":[{"embeddable":true,"href":"https:\/\/kiebitzmarkt-bergen.de\/home\/wp-json\/wp\/v2\/media\/539"}],"wp:attachment":[{"href":"https:\/\/kiebitzmarkt-bergen.de\/home\/wp-json\/wp\/v2\/media?parent=33"}],"curies":[{"name":"wp","href":"https:\/\/api.w.org\/{rel}","templated":true}]}}