{"id":31,"date":"2017-11-07T11:59:27","date_gmt":"2017-11-07T11:59:27","guid":{"rendered":"http:\/\/no-name-a-capella.xyz\/?page_id=31"},"modified":"2017-11-16T12:20:47","modified_gmt":"2017-11-16T11:20:47","slug":"hundefutter","status":"publish","type":"page","link":"https:\/\/kiebitzmarkt-bergen.de\/home\/sortiment\/hundefutter\/","title":{"rendered":"Hundefutter"},"content":{"rendered":"<p style=\"text-align: center;\">Hochwertiges Hundefutter und Leckerlis f\u00fcr eine gesunde Hundeern\u00e4hrung: Das Trockenfutter von Kiebitzmarkt bietet Ihrem Hund alles, was er f\u00fcr ein langes und vitales Leben braucht. Ob f\u00fcr gro\u00dfe Hunderassen, f\u00fcr Sporthunde, Hundesenioren, Welpen oder Feinschmecker \u2013 unser Hundefutter ist speziell auf die Bed\u00fcrfnisse f\u00fcr jeden Hundetyp abgestimmt.<\/p>\n<p style=\"text-align: center;\">W\u00e4hlen Sie aus unserem umfangreichen Sortiment das passende Hundefutter aus:<\/p>\n","protected":false},"excerpt":{"rendered":"<p>Hochwertiges Hundefutter und Leckerlis f\u00fcr eine gesunde Hundeern\u00e4hrung: Das Trockenfutter von Kiebitzmarkt bietet Ihrem Hund alles, was er f\u00fcr ein langes und vitales Leben braucht. Ob f\u00fcr gro\u00dfe Hunderassen, f\u00fcr Sporthunde, Hundesenioren, Welpen oder Feinschmecker \u2013 unser Hundefutter ist speziell auf die Bed\u00fcrfnisse f\u00fcr jeden Hundetyp abgestimmt. W\u00e4hlen Sie aus unserem umfangreichen Sortiment das passende &hellip; <\/p>\n<p class=\"link-more\"><a href=\"https:\/\/kiebitzmarkt-bergen.de\/home\/sortiment\/hundefutter\/\" class=\"more-link\">Continue reading<span class=\"screen-reader-text\"> &#8222;Hundefutter&#8220;<\/span><\/a><\/p>\n","protected":false},"author":1,"featured_media":538,"parent":23,"menu_order":1,"comment_status":"closed","ping_status":"closed","template":"category-page.php","meta":{"_acf_changed":false,"footnotes":""},"class_list":["post-31","page","type-page","status-publish","has-post-thumbnail","hentry"],"acf":[],"yoast_head":"<!-- This site is optimized with the Yoast SEO plugin v27.3 - https:\/\/yoast.com\/product\/yoast-seo-wordpress\/ -->\n<title>Hundefutter - Kiebitzmarkt-Bergen<\/title>\n<meta name=\"robots\" content=\"index, follow, max-snippet:-1, max-image-preview:large, max-video-preview:-1\" \/>\n<link rel=\"canonical\" href=\"https:\/\/kiebitzmarkt-bergen.de\/home\/sortiment\/hundefutter\/\" \/>\n<meta property=\"og:locale\" content=\"de_DE\" \/>\n<meta property=\"og:type\" content=\"article\" \/>\n<meta property=\"og:title\" content=\"Hundefutter - Kiebitzmarkt-Bergen\" \/>\n<meta property=\"og:description\" content=\"Hochwertiges Hundefutter und Leckerlis f\u00fcr eine gesunde Hundeern\u00e4hrung: Das Trockenfutter von Kiebitzmarkt bietet Ihrem Hund alles, was er f\u00fcr ein langes und vitales Leben braucht. Ob f\u00fcr gro\u00dfe Hunderassen, f\u00fcr Sporthunde, Hundesenioren, Welpen oder Feinschmecker \u2013 unser Hundefutter ist speziell auf die Bed\u00fcrfnisse f\u00fcr jeden Hundetyp abgestimmt. W\u00e4hlen Sie aus unserem umfangreichen Sortiment das passende &hellip; Continue reading &quot;Hundefutter&quot;\" \/>\n<meta property=\"og:url\" content=\"https:\/\/kiebitzmarkt-bergen.de\/home\/sortiment\/hundefutter\/\" \/>\n<meta property=\"og:site_name\" content=\"Kiebitzmarkt-Bergen\" \/>\n<meta property=\"article:publisher\" content=\"https:\/\/www.facebook.com\/kiebitzmarkt.bergen\" \/>\n<meta property=\"article:modified_time\" content=\"2017-11-16T11:20:47+00:00\" \/>\n<meta property=\"og:image\" content=\"https:\/\/kiebitzmarkt-bergen.de\/home\/wp-content\/uploads\/2017\/11\/hundefutter.jpg\" \/>\n\t<meta property=\"og:image:width\" content=\"269\" \/>\n\t<meta property=\"og:image:height\" content=\"179\" \/>\n\t<meta property=\"og:image:type\" content=\"image\/jpeg\" \/>\n<meta name=\"twitter:card\" content=\"summary_large_image\" \/>\n<script type=\"application\/ld+json\" class=\"yoast-schema-graph\">{\"@context\":\"https:\\\/\\\/schema.org\",\"@graph\":[{\"@type\":\"WebPage\",\"@id\":\"https:\\\/\\\/kiebitzmarkt-bergen.de\\\/home\\\/sortiment\\\/hundefutter\\\/\",\"url\":\"https:\\\/\\\/kiebitzmarkt-bergen.de\\\/home\\\/sortiment\\\/hundefutter\\\/\",\"name\":\"Hundefutter - Kiebitzmarkt-Bergen\",\"isPartOf\":{\"@id\":\"https:\\\/\\\/kiebitzmarkt-bergen.de\\\/home\\\/#website\"},\"primaryImageOfPage\":{\"@id\":\"https:\\\/\\\/kiebitzmarkt-bergen.de\\\/home\\\/sortiment\\\/hundefutter\\\/#primaryimage\"},\"image\":{\"@id\":\"https:\\\/\\\/kiebitzmarkt-bergen.de\\\/home\\\/sortiment\\\/hundefutter\\\/#primaryimage\"},\"thumbnailUrl\":\"https:\\\/\\\/kiebitzmarkt-bergen.de\\\/home\\\/wp-content\\\/uploads\\\/2017\\\/11\\\/hundefutter.jpg\",\"datePublished\":\"2017-11-07T11:59:27+00:00\",\"dateModified\":\"2017-11-16T11:20:47+00:00\",\"breadcrumb\":{\"@id\":\"https:\\\/\\\/kiebitzmarkt-bergen.de\\\/home\\\/sortiment\\\/hundefutter\\\/#breadcrumb\"},\"inLanguage\":\"de\",\"potentialAction\":[{\"@type\":\"ReadAction\",\"target\":[\"https:\\\/\\\/kiebitzmarkt-bergen.de\\\/home\\\/sortiment\\\/hundefutter\\\/\"]}]},{\"@type\":\"ImageObject\",\"inLanguage\":\"de\",\"@id\":\"https:\\\/\\\/kiebitzmarkt-bergen.de\\\/home\\\/sortiment\\\/hundefutter\\\/#primaryimage\",\"url\":\"https:\\\/\\\/kiebitzmarkt-bergen.de\\\/home\\\/wp-content\\\/uploads\\\/2017\\\/11\\\/hundefutter.jpg\",\"contentUrl\":\"https:\\\/\\\/kiebitzmarkt-bergen.de\\\/home\\\/wp-content\\\/uploads\\\/2017\\\/11\\\/hundefutter.jpg\",\"width\":269,\"height\":179},{\"@type\":\"BreadcrumbList\",\"@id\":\"https:\\\/\\\/kiebitzmarkt-bergen.de\\\/home\\\/sortiment\\\/hundefutter\\\/#breadcrumb\",\"itemListElement\":[{\"@type\":\"ListItem\",\"position\":1,\"name\":\"Startseite\",\"item\":\"https:\\\/\\\/kiebitzmarkt-bergen.de\\\/home\\\/\"},{\"@type\":\"ListItem\",\"position\":2,\"name\":\"Sortiment\",\"item\":\"https:\\\/\\\/kiebitzmarkt-bergen.de\\\/home\\\/sortiment\\\/\"},{\"@type\":\"ListItem\",\"position\":3,\"name\":\"Hundefutter\"}]},{\"@type\":\"WebSite\",\"@id\":\"https:\\\/\\\/kiebitzmarkt-bergen.de\\\/home\\\/#website\",\"url\":\"https:\\\/\\\/kiebitzmarkt-bergen.de\\\/home\\\/\",\"name\":\"Kiebitzmarkt-Bergen\",\"description\":\"Der Fachmarkt f\u00fcr Haus, Tier und Garten\",\"publisher\":{\"@id\":\"https:\\\/\\\/kiebitzmarkt-bergen.de\\\/home\\\/#organization\"},\"potentialAction\":[{\"@type\":\"SearchAction\",\"target\":{\"@type\":\"EntryPoint\",\"urlTemplate\":\"https:\\\/\\\/kiebitzmarkt-bergen.de\\\/home\\\/?s={search_term_string}\"},\"query-input\":{\"@type\":\"PropertyValueSpecification\",\"valueRequired\":true,\"valueName\":\"search_term_string\"}}],\"inLanguage\":\"de\"},{\"@type\":\"Organization\",\"@id\":\"https:\\\/\\\/kiebitzmarkt-bergen.de\\\/home\\\/#organization\",\"name\":\"Kiebitzmarkt Bergen\",\"url\":\"https:\\\/\\\/kiebitzmarkt-bergen.de\\\/home\\\/\",\"logo\":{\"@type\":\"ImageObject\",\"inLanguage\":\"de\",\"@id\":\"https:\\\/\\\/kiebitzmarkt-bergen.de\\\/home\\\/#\\\/schema\\\/logo\\\/image\\\/\",\"url\":\"https:\\\/\\\/kiebitzmarkt-bergen.de\\\/home\\\/wp-content\\\/uploads\\\/2017\\\/11\\\/kiebitzmarkt_bergen_logo2.gif\",\"contentUrl\":\"https:\\\/\\\/kiebitzmarkt-bergen.de\\\/home\\\/wp-content\\\/uploads\\\/2017\\\/11\\\/kiebitzmarkt_bergen_logo2.gif\",\"width\":400,\"height\":71,\"caption\":\"Kiebitzmarkt Bergen\"},\"image\":{\"@id\":\"https:\\\/\\\/kiebitzmarkt-bergen.de\\\/home\\\/#\\\/schema\\\/logo\\\/image\\\/\"},\"sameAs\":[\"https:\\\/\\\/www.facebook.com\\\/kiebitzmarkt.bergen\"]}]}<\/script>\n<!-- \/ Yoast SEO plugin. -->","yoast_head_json":{"title":"Hundefutter - Kiebitzmarkt-Bergen","robots":{"index":"index","follow":"follow","max-snippet":"max-snippet:-1","max-image-preview":"max-image-preview:large","max-video-preview":"max-video-preview:-1"},"canonical":"https:\/\/kiebitzmarkt-bergen.de\/home\/sortiment\/hundefutter\/","og_locale":"de_DE","og_type":"article","og_title":"Hundefutter - Kiebitzmarkt-Bergen","og_description":"Hochwertiges Hundefutter und Leckerlis f\u00fcr eine gesunde Hundeern\u00e4hrung: Das Trockenfutter von Kiebitzmarkt bietet Ihrem Hund alles, was er f\u00fcr ein langes und vitales Leben braucht. Ob f\u00fcr gro\u00dfe Hunderassen, f\u00fcr Sporthunde, Hundesenioren, Welpen oder Feinschmecker \u2013 unser Hundefutter ist speziell auf die Bed\u00fcrfnisse f\u00fcr jeden Hundetyp abgestimmt. W\u00e4hlen Sie aus unserem umfangreichen Sortiment das passende &hellip; Continue reading \"Hundefutter\"","og_url":"https:\/\/kiebitzmarkt-bergen.de\/home\/sortiment\/hundefutter\/","og_site_name":"Kiebitzmarkt-Bergen","article_publisher":"https:\/\/www.facebook.com\/kiebitzmarkt.bergen","article_modified_time":"2017-11-16T11:20:47+00:00","og_image":[{"width":269,"height":179,"url":"https:\/\/kiebitzmarkt-bergen.de\/home\/wp-content\/uploads\/2017\/11\/hundefutter.jpg","type":"image\/jpeg"}],"twitter_card":"summary_large_image","schema":{"@context":"https:\/\/schema.org","@graph":[{"@type":"WebPage","@id":"https:\/\/kiebitzmarkt-bergen.de\/home\/sortiment\/hundefutter\/","url":"https:\/\/kiebitzmarkt-bergen.de\/home\/sortiment\/hundefutter\/","name":"Hundefutter - Kiebitzmarkt-Bergen","isPartOf":{"@id":"https:\/\/kiebitzmarkt-bergen.de\/home\/#website"},"primaryImageOfPage":{"@id":"https:\/\/kiebitzmarkt-bergen.de\/home\/sortiment\/hundefutter\/#primaryimage"},"image":{"@id":"https:\/\/kiebitzmarkt-bergen.de\/home\/sortiment\/hundefutter\/#primaryimage"},"thumbnailUrl":"https:\/\/kiebitzmarkt-bergen.de\/home\/wp-content\/uploads\/2017\/11\/hundefutter.jpg","datePublished":"2017-11-07T11:59:27+00:00","dateModified":"2017-11-16T11:20:47+00:00","breadcrumb":{"@id":"https:\/\/kiebitzmarkt-bergen.de\/home\/sortiment\/hundefutter\/#breadcrumb"},"inLanguage":"de","potentialAction":[{"@type":"ReadAction","target":["https:\/\/kiebitzmarkt-bergen.de\/home\/sortiment\/hundefutter\/"]}]},{"@type":"ImageObject","inLanguage":"de","@id":"https:\/\/kiebitzmarkt-bergen.de\/home\/sortiment\/hundefutter\/#primaryimage","url":"https:\/\/kiebitzmarkt-bergen.de\/home\/wp-content\/uploads\/2017\/11\/hundefutter.jpg","contentUrl":"https:\/\/kiebitzmarkt-bergen.de\/home\/wp-content\/uploads\/2017\/11\/hundefutter.jpg","width":269,"height":179},{"@type":"BreadcrumbList","@id":"https:\/\/kiebitzmarkt-bergen.de\/home\/sortiment\/hundefutter\/#breadcrumb","itemListElement":[{"@type":"ListItem","position":1,"name":"Startseite","item":"https:\/\/kiebitzmarkt-bergen.de\/home\/"},{"@type":"ListItem","position":2,"name":"Sortiment","item":"https:\/\/kiebitzmarkt-bergen.de\/home\/sortiment\/"},{"@type":"ListItem","position":3,"name":"Hundefutter"}]},{"@type":"WebSite","@id":"https:\/\/kiebitzmarkt-bergen.de\/home\/#website","url":"https:\/\/kiebitzmarkt-bergen.de\/home\/","name":"Kiebitzmarkt-Bergen","description":"Der Fachmarkt f\u00fcr Haus, Tier und Garten","publisher":{"@id":"https:\/\/kiebitzmarkt-bergen.de\/home\/#organization"},"potentialAction":[{"@type":"SearchAction","target":{"@type":"EntryPoint","urlTemplate":"https:\/\/kiebitzmarkt-bergen.de\/home\/?s={search_term_string}"},"query-input":{"@type":"PropertyValueSpecification","valueRequired":true,"valueName":"search_term_string"}}],"inLanguage":"de"},{"@type":"Organization","@id":"https:\/\/kiebitzmarkt-bergen.de\/home\/#organization","name":"Kiebitzmarkt Bergen","url":"https:\/\/kiebitzmarkt-bergen.de\/home\/","logo":{"@type":"ImageObject","inLanguage":"de","@id":"https:\/\/kiebitzmarkt-bergen.de\/home\/#\/schema\/logo\/image\/","url":"https:\/\/kiebitzmarkt-bergen.de\/home\/wp-content\/uploads\/2017\/11\/kiebitzmarkt_bergen_logo2.gif","contentUrl":"https:\/\/kiebitzmarkt-bergen.de\/home\/wp-content\/uploads\/2017\/11\/kiebitzmarkt_bergen_logo2.gif","width":400,"height":71,"caption":"Kiebitzmarkt Bergen"},"image":{"@id":"https:\/\/kiebitzmarkt-bergen.de\/home\/#\/schema\/logo\/image\/"},"sameAs":["https:\/\/www.facebook.com\/kiebitzmarkt.bergen"]}]}},"_links":{"self":[{"href":"https:\/\/kiebitzmarkt-bergen.de\/home\/wp-json\/wp\/v2\/pages\/31","targetHints":{"allow":["GET"]}}],"collection":[{"href":"https:\/\/kiebitzmarkt-bergen.de\/home\/wp-json\/wp\/v2\/pages"}],"about":[{"href":"https:\/\/kiebitzmarkt-bergen.de\/home\/wp-json\/wp\/v2\/types\/page"}],"author":[{"embeddable":true,"href":"https:\/\/kiebitzmarkt-bergen.de\/home\/wp-json\/wp\/v2\/users\/1"}],"replies":[{"embeddable":true,"href":"https:\/\/kiebitzmarkt-bergen.de\/home\/wp-json\/wp\/v2\/comments?post=31"}],"version-history":[{"count":1,"href":"https:\/\/kiebitzmarkt-bergen.de\/home\/wp-json\/wp\/v2\/pages\/31\/revisions"}],"predecessor-version":[{"id":1274,"href":"https:\/\/kiebitzmarkt-bergen.de\/home\/wp-json\/wp\/v2\/pages\/31\/revisions\/1274"}],"up":[{"embeddable":true,"href":"https:\/\/kiebitzmarkt-bergen.de\/home\/wp-json\/wp\/v2\/pages\/23"}],"wp:featuredmedia":[{"embeddable":true,"href":"https:\/\/kiebitzmarkt-bergen.de\/home\/wp-json\/wp\/v2\/media\/538"}],"wp:attachment":[{"href":"https:\/\/kiebitzmarkt-bergen.de\/home\/wp-json\/wp\/v2\/media?parent=31"}],"curies":[{"name":"wp","href":"https:\/\/api.w.org\/{rel}","templated":true}]}}