{"id":25,"date":"2017-11-07T11:56:15","date_gmt":"2017-11-07T11:56:15","guid":{"rendered":"http:\/\/no-name-a-capella.xyz\/?page_id=25"},"modified":"2017-11-16T12:26:01","modified_gmt":"2017-11-16T11:26:01","slug":"anzuender-brennstoffe","status":"publish","type":"page","link":"https:\/\/kiebitzmarkt-bergen.de\/home\/sortiment\/anzuender-brennstoffe\/","title":{"rendered":"Anz\u00fcnder &#038; Brennstoffe"},"content":{"rendered":"<p style=\"text-align: center;\">Richtig hei\u00df wird es mit den Kiebitzmarkt-Anz\u00fcndern.<\/p>\n","protected":false},"excerpt":{"rendered":"<p>Richtig hei\u00df wird es mit den Kiebitzmarkt-Anz\u00fcndern.<\/p>\n","protected":false},"author":1,"featured_media":534,"parent":23,"menu_order":13,"comment_status":"closed","ping_status":"closed","template":"category-page.php","meta":{"_acf_changed":false,"footnotes":""},"class_list":["post-25","page","type-page","status-publish","has-post-thumbnail","hentry"],"acf":[],"yoast_head":"<!-- This site is optimized with the Yoast SEO plugin v27.3 - https:\/\/yoast.com\/product\/yoast-seo-wordpress\/ -->\n<title>Anz\u00fcnder &amp; Brennstoffe - Kiebitzmarkt-Bergen<\/title>\n<meta name=\"robots\" content=\"index, follow, max-snippet:-1, max-image-preview:large, max-video-preview:-1\" \/>\n<link rel=\"canonical\" href=\"https:\/\/kiebitzmarkt-bergen.de\/home\/sortiment\/anzuender-brennstoffe\/\" \/>\n<meta property=\"og:locale\" content=\"de_DE\" \/>\n<meta property=\"og:type\" content=\"article\" \/>\n<meta property=\"og:title\" content=\"Anz\u00fcnder &amp; Brennstoffe - Kiebitzmarkt-Bergen\" \/>\n<meta property=\"og:description\" content=\"Richtig hei\u00df wird es mit den Kiebitzmarkt-Anz\u00fcndern.\" \/>\n<meta property=\"og:url\" content=\"https:\/\/kiebitzmarkt-bergen.de\/home\/sortiment\/anzuender-brennstoffe\/\" \/>\n<meta property=\"og:site_name\" content=\"Kiebitzmarkt-Bergen\" \/>\n<meta property=\"article:publisher\" content=\"https:\/\/www.facebook.com\/kiebitzmarkt.bergen\" \/>\n<meta property=\"article:modified_time\" content=\"2017-11-16T11:26:01+00:00\" \/>\n<meta property=\"og:image\" content=\"https:\/\/kiebitzmarkt-bergen.de\/home\/wp-content\/uploads\/2017\/11\/AnzuenderUndBrennstoffe.jpg\" \/>\n\t<meta property=\"og:image:width\" content=\"269\" \/>\n\t<meta property=\"og:image:height\" content=\"179\" \/>\n\t<meta property=\"og:image:type\" content=\"image\/jpeg\" \/>\n<meta name=\"twitter:card\" content=\"summary_large_image\" \/>\n<script type=\"application\/ld+json\" class=\"yoast-schema-graph\">{\"@context\":\"https:\\\/\\\/schema.org\",\"@graph\":[{\"@type\":\"WebPage\",\"@id\":\"https:\\\/\\\/kiebitzmarkt-bergen.de\\\/home\\\/sortiment\\\/anzuender-brennstoffe\\\/\",\"url\":\"https:\\\/\\\/kiebitzmarkt-bergen.de\\\/home\\\/sortiment\\\/anzuender-brennstoffe\\\/\",\"name\":\"Anz\u00fcnder & Brennstoffe - Kiebitzmarkt-Bergen\",\"isPartOf\":{\"@id\":\"https:\\\/\\\/kiebitzmarkt-bergen.de\\\/home\\\/#website\"},\"primaryImageOfPage\":{\"@id\":\"https:\\\/\\\/kiebitzmarkt-bergen.de\\\/home\\\/sortiment\\\/anzuender-brennstoffe\\\/#primaryimage\"},\"image\":{\"@id\":\"https:\\\/\\\/kiebitzmarkt-bergen.de\\\/home\\\/sortiment\\\/anzuender-brennstoffe\\\/#primaryimage\"},\"thumbnailUrl\":\"https:\\\/\\\/kiebitzmarkt-bergen.de\\\/home\\\/wp-content\\\/uploads\\\/2017\\\/11\\\/AnzuenderUndBrennstoffe.jpg\",\"datePublished\":\"2017-11-07T11:56:15+00:00\",\"dateModified\":\"2017-11-16T11:26:01+00:00\",\"breadcrumb\":{\"@id\":\"https:\\\/\\\/kiebitzmarkt-bergen.de\\\/home\\\/sortiment\\\/anzuender-brennstoffe\\\/#breadcrumb\"},\"inLanguage\":\"de\",\"potentialAction\":[{\"@type\":\"ReadAction\",\"target\":[\"https:\\\/\\\/kiebitzmarkt-bergen.de\\\/home\\\/sortiment\\\/anzuender-brennstoffe\\\/\"]}]},{\"@type\":\"ImageObject\",\"inLanguage\":\"de\",\"@id\":\"https:\\\/\\\/kiebitzmarkt-bergen.de\\\/home\\\/sortiment\\\/anzuender-brennstoffe\\\/#primaryimage\",\"url\":\"https:\\\/\\\/kiebitzmarkt-bergen.de\\\/home\\\/wp-content\\\/uploads\\\/2017\\\/11\\\/AnzuenderUndBrennstoffe.jpg\",\"contentUrl\":\"https:\\\/\\\/kiebitzmarkt-bergen.de\\\/home\\\/wp-content\\\/uploads\\\/2017\\\/11\\\/AnzuenderUndBrennstoffe.jpg\",\"width\":269,\"height\":179},{\"@type\":\"BreadcrumbList\",\"@id\":\"https:\\\/\\\/kiebitzmarkt-bergen.de\\\/home\\\/sortiment\\\/anzuender-brennstoffe\\\/#breadcrumb\",\"itemListElement\":[{\"@type\":\"ListItem\",\"position\":1,\"name\":\"Startseite\",\"item\":\"https:\\\/\\\/kiebitzmarkt-bergen.de\\\/home\\\/\"},{\"@type\":\"ListItem\",\"position\":2,\"name\":\"Sortiment\",\"item\":\"https:\\\/\\\/kiebitzmarkt-bergen.de\\\/home\\\/sortiment\\\/\"},{\"@type\":\"ListItem\",\"position\":3,\"name\":\"Anz\u00fcnder &#038; Brennstoffe\"}]},{\"@type\":\"WebSite\",\"@id\":\"https:\\\/\\\/kiebitzmarkt-bergen.de\\\/home\\\/#website\",\"url\":\"https:\\\/\\\/kiebitzmarkt-bergen.de\\\/home\\\/\",\"name\":\"Kiebitzmarkt-Bergen\",\"description\":\"Der Fachmarkt f\u00fcr Haus, Tier und Garten\",\"publisher\":{\"@id\":\"https:\\\/\\\/kiebitzmarkt-bergen.de\\\/home\\\/#organization\"},\"potentialAction\":[{\"@type\":\"SearchAction\",\"target\":{\"@type\":\"EntryPoint\",\"urlTemplate\":\"https:\\\/\\\/kiebitzmarkt-bergen.de\\\/home\\\/?s={search_term_string}\"},\"query-input\":{\"@type\":\"PropertyValueSpecification\",\"valueRequired\":true,\"valueName\":\"search_term_string\"}}],\"inLanguage\":\"de\"},{\"@type\":\"Organization\",\"@id\":\"https:\\\/\\\/kiebitzmarkt-bergen.de\\\/home\\\/#organization\",\"name\":\"Kiebitzmarkt Bergen\",\"url\":\"https:\\\/\\\/kiebitzmarkt-bergen.de\\\/home\\\/\",\"logo\":{\"@type\":\"ImageObject\",\"inLanguage\":\"de\",\"@id\":\"https:\\\/\\\/kiebitzmarkt-bergen.de\\\/home\\\/#\\\/schema\\\/logo\\\/image\\\/\",\"url\":\"https:\\\/\\\/kiebitzmarkt-bergen.de\\\/home\\\/wp-content\\\/uploads\\\/2017\\\/11\\\/kiebitzmarkt_bergen_logo2.gif\",\"contentUrl\":\"https:\\\/\\\/kiebitzmarkt-bergen.de\\\/home\\\/wp-content\\\/uploads\\\/2017\\\/11\\\/kiebitzmarkt_bergen_logo2.gif\",\"width\":400,\"height\":71,\"caption\":\"Kiebitzmarkt Bergen\"},\"image\":{\"@id\":\"https:\\\/\\\/kiebitzmarkt-bergen.de\\\/home\\\/#\\\/schema\\\/logo\\\/image\\\/\"},\"sameAs\":[\"https:\\\/\\\/www.facebook.com\\\/kiebitzmarkt.bergen\"]}]}<\/script>\n<!-- \/ Yoast SEO plugin. -->","yoast_head_json":{"title":"Anz\u00fcnder & Brennstoffe - Kiebitzmarkt-Bergen","robots":{"index":"index","follow":"follow","max-snippet":"max-snippet:-1","max-image-preview":"max-image-preview:large","max-video-preview":"max-video-preview:-1"},"canonical":"https:\/\/kiebitzmarkt-bergen.de\/home\/sortiment\/anzuender-brennstoffe\/","og_locale":"de_DE","og_type":"article","og_title":"Anz\u00fcnder & Brennstoffe - Kiebitzmarkt-Bergen","og_description":"Richtig hei\u00df wird es mit den Kiebitzmarkt-Anz\u00fcndern.","og_url":"https:\/\/kiebitzmarkt-bergen.de\/home\/sortiment\/anzuender-brennstoffe\/","og_site_name":"Kiebitzmarkt-Bergen","article_publisher":"https:\/\/www.facebook.com\/kiebitzmarkt.bergen","article_modified_time":"2017-11-16T11:26:01+00:00","og_image":[{"width":269,"height":179,"url":"https:\/\/kiebitzmarkt-bergen.de\/home\/wp-content\/uploads\/2017\/11\/AnzuenderUndBrennstoffe.jpg","type":"image\/jpeg"}],"twitter_card":"summary_large_image","schema":{"@context":"https:\/\/schema.org","@graph":[{"@type":"WebPage","@id":"https:\/\/kiebitzmarkt-bergen.de\/home\/sortiment\/anzuender-brennstoffe\/","url":"https:\/\/kiebitzmarkt-bergen.de\/home\/sortiment\/anzuender-brennstoffe\/","name":"Anz\u00fcnder & Brennstoffe - Kiebitzmarkt-Bergen","isPartOf":{"@id":"https:\/\/kiebitzmarkt-bergen.de\/home\/#website"},"primaryImageOfPage":{"@id":"https:\/\/kiebitzmarkt-bergen.de\/home\/sortiment\/anzuender-brennstoffe\/#primaryimage"},"image":{"@id":"https:\/\/kiebitzmarkt-bergen.de\/home\/sortiment\/anzuender-brennstoffe\/#primaryimage"},"thumbnailUrl":"https:\/\/kiebitzmarkt-bergen.de\/home\/wp-content\/uploads\/2017\/11\/AnzuenderUndBrennstoffe.jpg","datePublished":"2017-11-07T11:56:15+00:00","dateModified":"2017-11-16T11:26:01+00:00","breadcrumb":{"@id":"https:\/\/kiebitzmarkt-bergen.de\/home\/sortiment\/anzuender-brennstoffe\/#breadcrumb"},"inLanguage":"de","potentialAction":[{"@type":"ReadAction","target":["https:\/\/kiebitzmarkt-bergen.de\/home\/sortiment\/anzuender-brennstoffe\/"]}]},{"@type":"ImageObject","inLanguage":"de","@id":"https:\/\/kiebitzmarkt-bergen.de\/home\/sortiment\/anzuender-brennstoffe\/#primaryimage","url":"https:\/\/kiebitzmarkt-bergen.de\/home\/wp-content\/uploads\/2017\/11\/AnzuenderUndBrennstoffe.jpg","contentUrl":"https:\/\/kiebitzmarkt-bergen.de\/home\/wp-content\/uploads\/2017\/11\/AnzuenderUndBrennstoffe.jpg","width":269,"height":179},{"@type":"BreadcrumbList","@id":"https:\/\/kiebitzmarkt-bergen.de\/home\/sortiment\/anzuender-brennstoffe\/#breadcrumb","itemListElement":[{"@type":"ListItem","position":1,"name":"Startseite","item":"https:\/\/kiebitzmarkt-bergen.de\/home\/"},{"@type":"ListItem","position":2,"name":"Sortiment","item":"https:\/\/kiebitzmarkt-bergen.de\/home\/sortiment\/"},{"@type":"ListItem","position":3,"name":"Anz\u00fcnder &#038; Brennstoffe"}]},{"@type":"WebSite","@id":"https:\/\/kiebitzmarkt-bergen.de\/home\/#website","url":"https:\/\/kiebitzmarkt-bergen.de\/home\/","name":"Kiebitzmarkt-Bergen","description":"Der Fachmarkt f\u00fcr Haus, Tier und Garten","publisher":{"@id":"https:\/\/kiebitzmarkt-bergen.de\/home\/#organization"},"potentialAction":[{"@type":"SearchAction","target":{"@type":"EntryPoint","urlTemplate":"https:\/\/kiebitzmarkt-bergen.de\/home\/?s={search_term_string}"},"query-input":{"@type":"PropertyValueSpecification","valueRequired":true,"valueName":"search_term_string"}}],"inLanguage":"de"},{"@type":"Organization","@id":"https:\/\/kiebitzmarkt-bergen.de\/home\/#organization","name":"Kiebitzmarkt Bergen","url":"https:\/\/kiebitzmarkt-bergen.de\/home\/","logo":{"@type":"ImageObject","inLanguage":"de","@id":"https:\/\/kiebitzmarkt-bergen.de\/home\/#\/schema\/logo\/image\/","url":"https:\/\/kiebitzmarkt-bergen.de\/home\/wp-content\/uploads\/2017\/11\/kiebitzmarkt_bergen_logo2.gif","contentUrl":"https:\/\/kiebitzmarkt-bergen.de\/home\/wp-content\/uploads\/2017\/11\/kiebitzmarkt_bergen_logo2.gif","width":400,"height":71,"caption":"Kiebitzmarkt Bergen"},"image":{"@id":"https:\/\/kiebitzmarkt-bergen.de\/home\/#\/schema\/logo\/image\/"},"sameAs":["https:\/\/www.facebook.com\/kiebitzmarkt.bergen"]}]}},"_links":{"self":[{"href":"https:\/\/kiebitzmarkt-bergen.de\/home\/wp-json\/wp\/v2\/pages\/25","targetHints":{"allow":["GET"]}}],"collection":[{"href":"https:\/\/kiebitzmarkt-bergen.de\/home\/wp-json\/wp\/v2\/pages"}],"about":[{"href":"https:\/\/kiebitzmarkt-bergen.de\/home\/wp-json\/wp\/v2\/types\/page"}],"author":[{"embeddable":true,"href":"https:\/\/kiebitzmarkt-bergen.de\/home\/wp-json\/wp\/v2\/users\/1"}],"replies":[{"embeddable":true,"href":"https:\/\/kiebitzmarkt-bergen.de\/home\/wp-json\/wp\/v2\/comments?post=25"}],"version-history":[{"count":1,"href":"https:\/\/kiebitzmarkt-bergen.de\/home\/wp-json\/wp\/v2\/pages\/25\/revisions"}],"predecessor-version":[{"id":1132,"href":"https:\/\/kiebitzmarkt-bergen.de\/home\/wp-json\/wp\/v2\/pages\/25\/revisions\/1132"}],"up":[{"embeddable":true,"href":"https:\/\/kiebitzmarkt-bergen.de\/home\/wp-json\/wp\/v2\/pages\/23"}],"wp:featuredmedia":[{"embeddable":true,"href":"https:\/\/kiebitzmarkt-bergen.de\/home\/wp-json\/wp\/v2\/media\/534"}],"wp:attachment":[{"href":"https:\/\/kiebitzmarkt-bergen.de\/home\/wp-json\/wp\/v2\/media?parent=25"}],"curies":[{"name":"wp","href":"https:\/\/api.w.org\/{rel}","templated":true}]}}